{"id":6006,"date":"2023-04-21T12:29:49","date_gmt":"2023-04-21T12:29:49","guid":{"rendered":"https:\/\/www.n2generators.com\/eventos-y-noticias\/"},"modified":"2023-09-21T07:52:01","modified_gmt":"2023-09-21T07:52:01","slug":"eventos-y-noticias","status":"publish","type":"page","link":"https:\/\/www.n2generators.com\/es\/eventos-y-noticias\/","title":{"rendered":"Eventos y Noticias"},"content":{"rendered":"\t\t<div data-elementor-type=\"wp-page\" data-elementor-id=\"6006\" class=\"elementor elementor-6006 elementor-1299\" data-elementor-post-type=\"page\">\n\t\t\t\t\t\t<section class=\"elementor-section elementor-top-section elementor-element elementor-element-f56e1c4 elementor-section-height-min-height elementor-section-items-stretch elementor-section-full_width elementor-section-height-default\" data-id=\"f56e1c4\" data-element_type=\"section\" data-e-type=\"section\" data-settings=\"{&quot;background_background&quot;:&quot;classic&quot;}\">\n\t\t\t\t\t\t<div class=\"elementor-container elementor-column-gap-default\">\n\t\t\t\t\t<div class=\"elementor-column elementor-col-33 elementor-top-column elementor-element elementor-element-41799e9\" data-id=\"41799e9\" data-element_type=\"column\" data-e-type=\"column\" data-settings=\"{&quot;background_background&quot;:&quot;classic&quot;}\">\n\t\t\t<div class=\"elementor-widget-wrap elementor-element-populated\">\n\t\t\t\t\t\t<div class=\"elementor-element elementor-element-e1545f1 elementor-align-start elementor-widget__width-auto elementor-absolute elementor-hidden-phone elementor-icon-list--layout-traditional elementor-list-item-link-full_width elementor-widget elementor-widget-icon-list\" data-id=\"e1545f1\" data-element_type=\"widget\" data-e-type=\"widget\" data-settings=\"{&quot;_position&quot;:&quot;absolute&quot;}\" data-widget_type=\"icon-list.default\">\n\t\t\t\t<div class=\"elementor-widget-container\">\n\t\t\t\t\t\t\t<ul class=\"elementor-icon-list-items\">\n\t\t\t\t\t\t\t<li class=\"elementor-icon-list-item\">\n\t\t\t\t\t\t\t\t\t\t\t<a href=\"https:\/\/www.linkedin.com\/company\/isolcell-industry-division\/\" target=\"_blank\">\n\n\t\t\t\t\t\t\t\t\t\t\t\t<span class=\"elementor-icon-list-icon\">\n\t\t\t\t\t\t\t<i aria-hidden=\"true\" class=\"fab fa-linkedin-in\"><\/i>\t\t\t\t\t\t<\/span>\n\t\t\t\t\t\t\t\t\t\t<span class=\"elementor-icon-list-text\"><\/span>\n\t\t\t\t\t\t\t\t\t\t\t<\/a>\n\t\t\t\t\t\t\t\t\t<\/li>\n\t\t\t\t\t\t\t\t<li class=\"elementor-icon-list-item\">\n\t\t\t\t\t\t\t\t\t\t\t<a href=\"https:\/\/twitter.com\/Isolcell\" target=\"_blank\">\n\n\t\t\t\t\t\t\t\t\t\t\t\t<span class=\"elementor-icon-list-icon\">\n\t\t\t\t\t\t\t<i aria-hidden=\"true\" class=\"fab fa-twitter\"><\/i>\t\t\t\t\t\t<\/span>\n\t\t\t\t\t\t\t\t\t\t<span class=\"elementor-icon-list-text\"><\/span>\n\t\t\t\t\t\t\t\t\t\t\t<\/a>\n\t\t\t\t\t\t\t\t\t<\/li>\n\t\t\t\t\t\t\t\t<li class=\"elementor-icon-list-item\">\n\t\t\t\t\t\t\t\t\t\t\t<a href=\"https:\/\/www.youtube.com\/user\/isolcell\" target=\"_blank\">\n\n\t\t\t\t\t\t\t\t\t\t\t\t<span class=\"elementor-icon-list-icon\">\n\t\t\t\t\t\t\t<i aria-hidden=\"true\" class=\"fab fa-youtube\"><\/i>\t\t\t\t\t\t<\/span>\n\t\t\t\t\t\t\t\t\t\t<span class=\"elementor-icon-list-text\"><\/span>\n\t\t\t\t\t\t\t\t\t\t\t<\/a>\n\t\t\t\t\t\t\t\t\t<\/li>\n\t\t\t\t\t\t<\/ul>\n\t\t\t\t\t\t<\/div>\n\t\t\t\t<\/div>\n\t\t\t\t\t<\/div>\n\t\t<\/div>\n\t\t\t\t<div class=\"elementor-column elementor-col-33 elementor-top-column elementor-element elementor-element-12b1783\" data-id=\"12b1783\" data-element_type=\"column\" data-e-type=\"column\" data-settings=\"{&quot;background_background&quot;:&quot;classic&quot;}\">\n\t\t\t<div class=\"elementor-widget-wrap elementor-element-populated\">\n\t\t\t\t\t\t<div class=\"elementor-element elementor-element-f5ecbfd elementor-widget elementor-widget-breadcrumbs\" data-id=\"f5ecbfd\" data-element_type=\"widget\" data-e-type=\"widget\" data-widget_type=\"breadcrumbs.default\">\n\t\t\t\t<div class=\"elementor-widget-container\">\n\t\t\t\t\t<p id=\"breadcrumbs\"><span><span><a href=\"https:\/\/www.n2generators.com\/es\/\">Home<\/a><\/span><\/span><\/p>\t\t\t\t<\/div>\n\t\t\t\t<\/div>\n\t\t\t\t<div class=\"elementor-element elementor-element-097df5c elementor-widget elementor-widget-heading\" data-id=\"097df5c\" data-element_type=\"widget\" data-e-type=\"widget\" data-widget_type=\"heading.default\">\n\t\t\t\t<div class=\"elementor-widget-container\">\n\t\t\t\t\t<h1 class=\"elementor-heading-title elementor-size-default\">Eventos y Noticias<\/h1>\t\t\t\t<\/div>\n\t\t\t\t<\/div>\n\t\t\t\t<div class=\"elementor-element elementor-element-cc1dbc7 elementor-widget elementor-widget-text-editor\" data-id=\"cc1dbc7\" data-element_type=\"widget\" data-e-type=\"widget\" data-widget_type=\"text-editor.default\">\n\t\t\t\t<div class=\"elementor-widget-container\">\n\t\t\t\t\t\t\t\t\t<p>Somos considerados l\u00edderes mundiales en el sector de Atm\u00f3sferas Generadas Modificadas y Controladas.<\/p>\n\t\t\t\t\t\t\t\t<\/div>\n\t\t\t\t<\/div>\n\t\t\t\t\t<\/div>\n\t\t<\/div>\n\t\t\t\t<div class=\"elementor-column elementor-col-33 elementor-top-column elementor-element elementor-element-1a4ef49\" data-id=\"1a4ef49\" data-element_type=\"column\" data-e-type=\"column\" data-settings=\"{&quot;background_background&quot;:&quot;classic&quot;}\">\n\t\t\t<div class=\"elementor-widget-wrap elementor-element-populated\">\n\t\t\t\t\t\t<div class=\"elementor-element elementor-element-37a98f6 elementor-widget elementor-widget-spacer\" data-id=\"37a98f6\" data-element_type=\"widget\" data-e-type=\"widget\" data-widget_type=\"spacer.default\">\n\t\t\t\t<div class=\"elementor-widget-container\">\n\t\t\t\t\t\t\t<div class=\"elementor-spacer\">\n\t\t\t<div class=\"elementor-spacer-inner\"><\/div>\n\t\t<\/div>\n\t\t\t\t\t\t<\/div>\n\t\t\t\t<\/div>\n\t\t\t\t\t<\/div>\n\t\t<\/div>\n\t\t\t\t\t<\/div>\n\t\t<\/section>\n\t\t\t\t<section class=\"elementor-section elementor-top-section elementor-element elementor-element-4aa177f elementor-section-boxed elementor-section-height-default elementor-section-height-default\" data-id=\"4aa177f\" data-element_type=\"section\" data-e-type=\"section\">\n\t\t\t\t\t\t<div class=\"elementor-container elementor-column-gap-default\">\n\t\t\t\t\t<div class=\"elementor-column elementor-col-100 elementor-top-column elementor-element elementor-element-600d319\" data-id=\"600d319\" data-element_type=\"column\" data-e-type=\"column\">\n\t\t\t<div class=\"elementor-widget-wrap elementor-element-populated\">\n\t\t\t\t\t\t<div class=\"elementor-element elementor-element-373a0a3 elementor-grid-3 elementor-grid-tablet-2 elementor-grid-mobile-1 elementor-posts--thumbnail-top elementor-widget elementor-widget-posts\" data-id=\"373a0a3\" data-element_type=\"widget\" data-e-type=\"widget\" data-settings=\"{&quot;classic_columns&quot;:&quot;3&quot;,&quot;classic_columns_tablet&quot;:&quot;2&quot;,&quot;classic_columns_mobile&quot;:&quot;1&quot;,&quot;classic_row_gap&quot;:{&quot;unit&quot;:&quot;px&quot;,&quot;size&quot;:35,&quot;sizes&quot;:[]},&quot;classic_row_gap_tablet&quot;:{&quot;unit&quot;:&quot;px&quot;,&quot;size&quot;:&quot;&quot;,&quot;sizes&quot;:[]},&quot;classic_row_gap_mobile&quot;:{&quot;unit&quot;:&quot;px&quot;,&quot;size&quot;:&quot;&quot;,&quot;sizes&quot;:[]}}\" data-widget_type=\"posts.classic\">\n\t\t\t\t<div class=\"elementor-widget-container\">\n\t\t\t\t\t\t\t<div class=\"elementor-posts-container elementor-posts elementor-posts--skin-classic elementor-grid\">\n\t\t\t\t<article class=\"elementor-post elementor-grid-item post-6830 post type-post status-publish format-standard has-post-thumbnail hentry category-blog-es category-sin-categorizar\">\n\t\t\t\t<a class=\"elementor-post__thumbnail__link\" href=\"https:\/\/www.n2generators.com\/es\/automechanika-2024\/\" tabindex=\"-1\" >\n\t\t\t<div class=\"elementor-post__thumbnail\"><img fetchpriority=\"high\" decoding=\"async\" width=\"650\" height=\"263\" src=\"https:\/\/www.n2generators.com\/wp-content\/uploads\/2024\/08\/Automechanika-BLOG.png\" class=\"attachment-full size-full wp-image-6819\" alt=\"\" srcset=\"https:\/\/www.n2generators.com\/wp-content\/uploads\/2024\/08\/Automechanika-BLOG.png 650w, https:\/\/www.n2generators.com\/wp-content\/uploads\/2024\/08\/Automechanika-BLOG-300x121.png 300w\" sizes=\"(max-width: 650px) 100vw, 650px\" \/><\/div>\n\t\t<\/a>\n\t\t\t\t<div class=\"elementor-post__text\">\n\t\t\t\t<h3 class=\"elementor-post__title\">\n\t\t\t<a href=\"https:\/\/www.n2generators.com\/es\/automechanika-2024\/\" >\n\t\t\t\tAutomechanika 2024\t\t\t<\/a>\n\t\t<\/h3>\n\t\t\t\t<div class=\"elementor-post__meta-data\">\n\t\t\t\t\t<span class=\"elementor-post-date\">\n\t\t\t26 de agosto de 2024\t\t<\/span>\n\t\t\t\t<\/div>\n\t\t\t\t<div class=\"elementor-post__excerpt\">\n\t\t\t<p>Visit us at Automechanika, Frankfurt.<br \/>\nHall 11.1, Stand E20.<\/p>\n\t\t<\/div>\n\t\t\n\t\t<a class=\"elementor-post__read-more\" href=\"https:\/\/www.n2generators.com\/es\/automechanika-2024\/\" aria-label=\"M\u00e1s informaci\u00f3n sobre Automechanika 2024\" tabindex=\"-1\" >\n\t\t\tLeer m\u00e1s \u00bb\t\t<\/a>\n\n\t\t\t\t<\/div>\n\t\t\t\t<\/article>\n\t\t\t\t<article class=\"elementor-post elementor-grid-item post-6848 post type-post status-publish format-standard has-post-thumbnail hentry category-blog-es\">\n\t\t\t\t<a class=\"elementor-post__thumbnail__link\" href=\"https:\/\/www.n2generators.com\/es\/simei-2024\/\" tabindex=\"-1\" >\n\t\t\t<div class=\"elementor-post__thumbnail\"><img decoding=\"async\" width=\"650\" height=\"263\" src=\"https:\/\/www.n2generators.com\/wp-content\/uploads\/2024\/07\/isolcell-post-simei-2.png\" class=\"attachment-full size-full wp-image-6840\" alt=\"\" srcset=\"https:\/\/www.n2generators.com\/wp-content\/uploads\/2024\/07\/isolcell-post-simei-2.png 650w, https:\/\/www.n2generators.com\/wp-content\/uploads\/2024\/07\/isolcell-post-simei-2-300x121.png 300w\" sizes=\"(max-width: 650px) 100vw, 650px\" \/><\/div>\n\t\t<\/a>\n\t\t\t\t<div class=\"elementor-post__text\">\n\t\t\t\t<h3 class=\"elementor-post__title\">\n\t\t\t<a href=\"https:\/\/www.n2generators.com\/es\/simei-2024\/\" >\n\t\t\t\tSimei 2024\t\t\t<\/a>\n\t\t<\/h3>\n\t\t\t\t<div class=\"elementor-post__meta-data\">\n\t\t\t\t\t<span class=\"elementor-post-date\">\n\t\t\t25 de julio de 2024\t\t<\/span>\n\t\t\t\t<\/div>\n\t\t\t\t<div class=\"elementor-post__excerpt\">\n\t\t\t<p>Come visit us at Milan SIMEI 2024 exhibition <\/br>hall 1, stand S12!<\/p>\n\t\t<\/div>\n\t\t\n\t\t<a class=\"elementor-post__read-more\" href=\"https:\/\/www.n2generators.com\/es\/simei-2024\/\" aria-label=\"M\u00e1s informaci\u00f3n sobre Simei 2024\" tabindex=\"-1\" >\n\t\t\tLeer m\u00e1s \u00bb\t\t<\/a>\n\n\t\t\t\t<\/div>\n\t\t\t\t<\/article>\n\t\t\t\t<article class=\"elementor-post elementor-grid-item post-6608 post type-post status-publish format-standard has-post-thumbnail hentry category-historia-de-caso category-sin-categorizar\">\n\t\t\t\t<a class=\"elementor-post__thumbnail__link\" href=\"https:\/\/www.n2generators.com\/es\/generador-de-nitrogeno-para-envases\/\" tabindex=\"-1\" >\n\t\t\t<div class=\"elementor-post__thumbnail\"><img decoding=\"async\" width=\"1175\" height=\"720\" src=\"https:\/\/www.n2generators.com\/wp-content\/uploads\/2023\/12\/1697636998437.png\" class=\"attachment-full size-full wp-image-6360\" alt=\"\" srcset=\"https:\/\/www.n2generators.com\/wp-content\/uploads\/2023\/12\/1697636998437.png 1175w, https:\/\/www.n2generators.com\/wp-content\/uploads\/2023\/12\/1697636998437-300x184.png 300w, https:\/\/www.n2generators.com\/wp-content\/uploads\/2023\/12\/1697636998437-1024x627.png 1024w, https:\/\/www.n2generators.com\/wp-content\/uploads\/2023\/12\/1697636998437-768x471.png 768w\" sizes=\"(max-width: 1175px) 100vw, 1175px\" \/><\/div>\n\t\t<\/a>\n\t\t\t\t<div class=\"elementor-post__text\">\n\t\t\t\t<h3 class=\"elementor-post__title\">\n\t\t\t<a href=\"https:\/\/www.n2generators.com\/es\/generador-de-nitrogeno-para-envases\/\" >\n\t\t\t\tGenerador de nitr\u00f3geno para envases\t\t\t<\/a>\n\t\t<\/h3>\n\t\t\t\t<div class=\"elementor-post__meta-data\">\n\t\t\t\t\t<span class=\"elementor-post-date\">\n\t\t\t5 de diciembre de 2023\t\t<\/span>\n\t\t\t\t<\/div>\n\t\t\t\t<div class=\"elementor-post__excerpt\">\n\t\t\t<p>Nitr\u00f3geno para embalaje MAP (modified atmosphere packaging) gracias a los generadores de<br \/>\nnitr\u00f3geno Isolcell Industry<\/p>\n\t\t<\/div>\n\t\t\n\t\t<a class=\"elementor-post__read-more\" href=\"https:\/\/www.n2generators.com\/es\/generador-de-nitrogeno-para-envases\/\" aria-label=\"M\u00e1s informaci\u00f3n sobre Generador de nitr\u00f3geno para envases\" tabindex=\"-1\" >\n\t\t\tLeer m\u00e1s \u00bb\t\t<\/a>\n\n\t\t\t\t<\/div>\n\t\t\t\t<\/article>\n\t\t\t\t<article class=\"elementor-post elementor-grid-item post-6009 post type-post status-publish format-standard has-post-thumbnail hentry category-blog-es\">\n\t\t\t\t<a class=\"elementor-post__thumbnail__link\" href=\"https:\/\/www.n2generators.com\/es\/tanques-de-almacenamiento-para-vino\/\" tabindex=\"-1\" >\n\t\t\t<div class=\"elementor-post__thumbnail\"><img loading=\"lazy\" decoding=\"async\" width=\"1200\" height=\"1200\" src=\"https:\/\/www.n2generators.com\/wp-content\/uploads\/2023\/07\/01-linkedin-Enology.png\" class=\"attachment-full size-full wp-image-6010\" alt=\"\" srcset=\"https:\/\/www.n2generators.com\/wp-content\/uploads\/2023\/07\/01-linkedin-Enology.png 1200w, https:\/\/www.n2generators.com\/wp-content\/uploads\/2023\/07\/01-linkedin-Enology-300x300.png 300w, https:\/\/www.n2generators.com\/wp-content\/uploads\/2023\/07\/01-linkedin-Enology-1024x1024.png 1024w, https:\/\/www.n2generators.com\/wp-content\/uploads\/2023\/07\/01-linkedin-Enology-150x150.png 150w, https:\/\/www.n2generators.com\/wp-content\/uploads\/2023\/07\/01-linkedin-Enology-768x768.png 768w\" sizes=\"(max-width: 1200px) 100vw, 1200px\" \/><\/div>\n\t\t<\/a>\n\t\t\t\t<div class=\"elementor-post__text\">\n\t\t\t\t<h3 class=\"elementor-post__title\">\n\t\t\t<a href=\"https:\/\/www.n2generators.com\/es\/tanques-de-almacenamiento-para-vino\/\" >\n\t\t\t\tTanques de almacenamiento para vino\t\t\t<\/a>\n\t\t<\/h3>\n\t\t\t\t<div class=\"elementor-post__meta-data\">\n\t\t\t\t\t<span class=\"elementor-post-date\">\n\t\t\t18 de julio de 2023\t\t<\/span>\n\t\t\t\t<\/div>\n\t\t\t\t<div class=\"elementor-post__excerpt\">\n\t\t\t<p>No s\u00f3lo es \u00fatil para inertizar los dep\u00f3sitos de almacenamiento de vino y como escudo contra la oxidaci\u00f3n.<\/p>\n\t\t<\/div>\n\t\t\n\t\t<a class=\"elementor-post__read-more\" href=\"https:\/\/www.n2generators.com\/es\/tanques-de-almacenamiento-para-vino\/\" aria-label=\"M\u00e1s informaci\u00f3n sobre Tanques de almacenamiento para vino\" tabindex=\"-1\" >\n\t\t\tLeer m\u00e1s \u00bb\t\t<\/a>\n\n\t\t\t\t<\/div>\n\t\t\t\t<\/article>\n\t\t\t\t<article class=\"elementor-post elementor-grid-item post-6012 post type-post status-publish format-standard has-post-thumbnail hentry category-blog-es\">\n\t\t\t\t<a class=\"elementor-post__thumbnail__link\" href=\"https:\/\/www.n2generators.com\/es\/paintexpo-2022\/\" tabindex=\"-1\" >\n\t\t\t<div class=\"elementor-post__thumbnail\"><img loading=\"lazy\" decoding=\"async\" width=\"650\" height=\"263\" src=\"https:\/\/www.n2generators.com\/wp-content\/uploads\/2023\/05\/paintexpo-2023.png\" class=\"attachment-full size-full wp-image-6013\" alt=\"\" srcset=\"https:\/\/www.n2generators.com\/wp-content\/uploads\/2023\/05\/paintexpo-2023.png 650w, https:\/\/www.n2generators.com\/wp-content\/uploads\/2023\/05\/paintexpo-2023-300x121.png 300w\" sizes=\"(max-width: 650px) 100vw, 650px\" \/><\/div>\n\t\t<\/a>\n\t\t\t\t<div class=\"elementor-post__text\">\n\t\t\t\t<h3 class=\"elementor-post__title\">\n\t\t\t<a href=\"https:\/\/www.n2generators.com\/es\/paintexpo-2022\/\" >\n\t\t\t\tPaintexpo 2022\t\t\t<\/a>\n\t\t<\/h3>\n\t\t\t\t<div class=\"elementor-post__meta-data\">\n\t\t\t\t\t<span class=\"elementor-post-date\">\n\t\t\t3 de mayo de 2023\t\t<\/span>\n\t\t\t\t<\/div>\n\t\t\t\t<div class=\"elementor-post__excerpt\">\n\t\t\t<p>Centro de exposiciones Karlsruhe, Alemania<br \/>\n26 \u2013 29 de abril de 2022<\/p>\n\t\t<\/div>\n\t\t\n\t\t<a class=\"elementor-post__read-more\" href=\"https:\/\/www.n2generators.com\/es\/paintexpo-2022\/\" aria-label=\"M\u00e1s informaci\u00f3n sobre Paintexpo 2022\" tabindex=\"-1\" >\n\t\t\tLeer m\u00e1s \u00bb\t\t<\/a>\n\n\t\t\t\t<\/div>\n\t\t\t\t<\/article>\n\t\t\t\t<article class=\"elementor-post elementor-grid-item post-6015 post type-post status-publish format-standard has-post-thumbnail hentry category-blog\">\n\t\t\t\t<a class=\"elementor-post__thumbnail__link\" href=\"https:\/\/www.n2generators.com\/es\/autopromotec-2022\/\" tabindex=\"-1\" >\n\t\t\t<div class=\"elementor-post__thumbnail\"><img loading=\"lazy\" decoding=\"async\" width=\"650\" height=\"263\" src=\"https:\/\/www.n2generators.com\/wp-content\/uploads\/2023\/05\/autopromotec.jpg\" class=\"attachment-full size-full wp-image-6016\" alt=\"\" srcset=\"https:\/\/www.n2generators.com\/wp-content\/uploads\/2023\/05\/autopromotec.jpg 650w, https:\/\/www.n2generators.com\/wp-content\/uploads\/2023\/05\/autopromotec-300x121.jpg 300w\" sizes=\"(max-width: 650px) 100vw, 650px\" \/><\/div>\n\t\t<\/a>\n\t\t\t\t<div class=\"elementor-post__text\">\n\t\t\t\t<h3 class=\"elementor-post__title\">\n\t\t\t<a href=\"https:\/\/www.n2generators.com\/es\/autopromotec-2022\/\" >\n\t\t\t\tAutopromotec 2022\t\t\t<\/a>\n\t\t<\/h3>\n\t\t\t\t<div class=\"elementor-post__meta-data\">\n\t\t\t\t\t<span class=\"elementor-post-date\">\n\t\t\t3 de mayo de 2023\t\t<\/span>\n\t\t\t\t<\/div>\n\t\t\t\t<div class=\"elementor-post__excerpt\">\n\t\t\t<p>Bolonia, Italia<br \/>\n25 \u2013 28 mayo 2022<\/p>\n\t\t<\/div>\n\t\t\n\t\t<a class=\"elementor-post__read-more\" href=\"https:\/\/www.n2generators.com\/es\/autopromotec-2022\/\" aria-label=\"M\u00e1s informaci\u00f3n sobre Autopromotec 2022\" tabindex=\"-1\" >\n\t\t\tLeer m\u00e1s \u00bb\t\t<\/a>\n\n\t\t\t\t<\/div>\n\t\t\t\t<\/article>\n\t\t\t\t<\/div>\n\t\t\n\t\t\t\t\t\t<\/div>\n\t\t\t\t<\/div>\n\t\t\t\t\t<\/div>\n\t\t<\/div>\n\t\t\t\t\t<\/div>\n\t\t<\/section>\n\t\t\t\t<\/div>\n\t\t","protected":false},"excerpt":{"rendered":"<p>Eventos y Noticias Somos considerados l\u00edderes mundiales en el sector de Atm\u00f3sferas Generadas Modificadas y Controladas.<\/p>\n","protected":false},"author":1,"featured_media":0,"parent":0,"menu_order":0,"comment_status":"closed","ping_status":"closed","template":"elementor_header_footer","meta":{"footnotes":""},"class_list":["post-6006","page","type-page","status-publish","hentry"],"yoast_head":"<!-- This site is optimized with the Yoast SEO plugin v27.6 - https:\/\/yoast.com\/product\/yoast-seo-wordpress\/ -->\n<title>Eventos y Noticias - Isolcell Industry Division<\/title>\n<meta name=\"robots\" content=\"index, follow, max-snippet:-1, max-image-preview:large, max-video-preview:-1\" \/>\n<link rel=\"canonical\" href=\"https:\/\/www.n2generators.com\/es\/eventos-y-noticias\/\" \/>\n<meta property=\"og:locale\" content=\"es_ES\" \/>\n<meta property=\"og:type\" content=\"article\" \/>\n<meta property=\"og:title\" content=\"Eventos y Noticias - Isolcell Industry Division\" \/>\n<meta property=\"og:description\" content=\"Eventos y Noticias Somos considerados l\u00edderes mundiales en el sector de Atm\u00f3sferas Generadas Modificadas y Controladas.\" \/>\n<meta property=\"og:url\" content=\"https:\/\/www.n2generators.com\/es\/eventos-y-noticias\/\" \/>\n<meta property=\"og:site_name\" content=\"Isolcell Industry Division\" \/>\n<meta property=\"article:modified_time\" content=\"2023-09-21T07:52:01+00:00\" \/>\n<meta name=\"twitter:card\" content=\"summary_large_image\" \/>\n<meta name=\"twitter:site\" content=\"@Isolcell\" \/>\n<script type=\"application\/ld+json\" class=\"yoast-schema-graph\">{\"@context\":\"https:\\\/\\\/schema.org\",\"@graph\":[{\"@type\":\"WebPage\",\"@id\":\"https:\\\/\\\/www.n2generators.com\\\/es\\\/eventos-y-noticias\\\/\",\"url\":\"https:\\\/\\\/www.n2generators.com\\\/es\\\/eventos-y-noticias\\\/\",\"name\":\"Eventos y Noticias - Isolcell Industry Division\",\"isPartOf\":{\"@id\":\"https:\\\/\\\/www.n2generators.com\\\/es\\\/#website\"},\"datePublished\":\"2023-04-21T12:29:49+00:00\",\"dateModified\":\"2023-09-21T07:52:01+00:00\",\"breadcrumb\":{\"@id\":\"https:\\\/\\\/www.n2generators.com\\\/es\\\/eventos-y-noticias\\\/#breadcrumb\"},\"inLanguage\":\"es\",\"potentialAction\":[{\"@type\":\"ReadAction\",\"target\":[\"https:\\\/\\\/www.n2generators.com\\\/es\\\/eventos-y-noticias\\\/\"]}]},{\"@type\":\"BreadcrumbList\",\"@id\":\"https:\\\/\\\/www.n2generators.com\\\/es\\\/eventos-y-noticias\\\/#breadcrumb\",\"itemListElement\":[{\"@type\":\"ListItem\",\"position\":1,\"name\":\"Home\",\"item\":\"https:\\\/\\\/www.n2generators.com\\\/es\\\/\"},{\"@type\":\"ListItem\",\"position\":2,\"name\":\"Eventos y Noticias\"}]},{\"@type\":\"WebSite\",\"@id\":\"https:\\\/\\\/www.n2generators.com\\\/es\\\/#website\",\"url\":\"https:\\\/\\\/www.n2generators.com\\\/es\\\/\",\"name\":\"www.n2generators.com\",\"description\":\"\",\"potentialAction\":[{\"@type\":\"SearchAction\",\"target\":{\"@type\":\"EntryPoint\",\"urlTemplate\":\"https:\\\/\\\/www.n2generators.com\\\/es\\\/?s={search_term_string}\"},\"query-input\":{\"@type\":\"PropertyValueSpecification\",\"valueRequired\":true,\"valueName\":\"search_term_string\"}}],\"inLanguage\":\"es\"}]}<\/script>\n<!-- \/ Yoast SEO plugin. -->","yoast_head_json":{"title":"Eventos y Noticias - Isolcell Industry Division","robots":{"index":"index","follow":"follow","max-snippet":"max-snippet:-1","max-image-preview":"max-image-preview:large","max-video-preview":"max-video-preview:-1"},"canonical":"https:\/\/www.n2generators.com\/es\/eventos-y-noticias\/","og_locale":"es_ES","og_type":"article","og_title":"Eventos y Noticias - Isolcell Industry Division","og_description":"Eventos y Noticias Somos considerados l\u00edderes mundiales en el sector de Atm\u00f3sferas Generadas Modificadas y Controladas.","og_url":"https:\/\/www.n2generators.com\/es\/eventos-y-noticias\/","og_site_name":"Isolcell Industry Division","article_modified_time":"2023-09-21T07:52:01+00:00","twitter_card":"summary_large_image","twitter_site":"@Isolcell","schema":{"@context":"https:\/\/schema.org","@graph":[{"@type":"WebPage","@id":"https:\/\/www.n2generators.com\/es\/eventos-y-noticias\/","url":"https:\/\/www.n2generators.com\/es\/eventos-y-noticias\/","name":"Eventos y Noticias - Isolcell Industry Division","isPartOf":{"@id":"https:\/\/www.n2generators.com\/es\/#website"},"datePublished":"2023-04-21T12:29:49+00:00","dateModified":"2023-09-21T07:52:01+00:00","breadcrumb":{"@id":"https:\/\/www.n2generators.com\/es\/eventos-y-noticias\/#breadcrumb"},"inLanguage":"es","potentialAction":[{"@type":"ReadAction","target":["https:\/\/www.n2generators.com\/es\/eventos-y-noticias\/"]}]},{"@type":"BreadcrumbList","@id":"https:\/\/www.n2generators.com\/es\/eventos-y-noticias\/#breadcrumb","itemListElement":[{"@type":"ListItem","position":1,"name":"Home","item":"https:\/\/www.n2generators.com\/es\/"},{"@type":"ListItem","position":2,"name":"Eventos y Noticias"}]},{"@type":"WebSite","@id":"https:\/\/www.n2generators.com\/es\/#website","url":"https:\/\/www.n2generators.com\/es\/","name":"www.n2generators.com","description":"","potentialAction":[{"@type":"SearchAction","target":{"@type":"EntryPoint","urlTemplate":"https:\/\/www.n2generators.com\/es\/?s={search_term_string}"},"query-input":{"@type":"PropertyValueSpecification","valueRequired":true,"valueName":"search_term_string"}}],"inLanguage":"es"}]}},"_links":{"self":[{"href":"https:\/\/www.n2generators.com\/es\/wp-json\/wp\/v2\/pages\/6006","targetHints":{"allow":["GET"]}}],"collection":[{"href":"https:\/\/www.n2generators.com\/es\/wp-json\/wp\/v2\/pages"}],"about":[{"href":"https:\/\/www.n2generators.com\/es\/wp-json\/wp\/v2\/types\/page"}],"author":[{"embeddable":true,"href":"https:\/\/www.n2generators.com\/es\/wp-json\/wp\/v2\/users\/1"}],"replies":[{"embeddable":true,"href":"https:\/\/www.n2generators.com\/es\/wp-json\/wp\/v2\/comments?post=6006"}],"version-history":[{"count":1,"href":"https:\/\/www.n2generators.com\/es\/wp-json\/wp\/v2\/pages\/6006\/revisions"}],"predecessor-version":[{"id":6007,"href":"https:\/\/www.n2generators.com\/es\/wp-json\/wp\/v2\/pages\/6006\/revisions\/6007"}],"wp:attachment":[{"href":"https:\/\/www.n2generators.com\/es\/wp-json\/wp\/v2\/media?parent=6006"}],"curies":[{"name":"wp","href":"https:\/\/api.w.org\/{rel}","templated":true}]}}