{"id":6070,"date":"2023-04-26T12:06:50","date_gmt":"2023-04-26T12:06:50","guid":{"rendered":"https:\/\/www.n2generators.com\/skid\/"},"modified":"2023-09-21T09:44:33","modified_gmt":"2023-09-21T09:44:33","slug":"skid","status":"publish","type":"page","link":"https:\/\/www.n2generators.com\/es\/skid\/","title":{"rendered":"Skid"},"content":{"rendered":"\t\t<div data-elementor-type=\"wp-page\" data-elementor-id=\"6070\" class=\"elementor elementor-6070 elementor-1500\" data-elementor-post-type=\"page\">\n\t\t\t\t\t\t<section class=\"elementor-section elementor-top-section elementor-element elementor-element-07b9fc1 elementor-section-height-min-height elementor-section-items-stretch elementor-section-full_width elementor-section-height-default\" data-id=\"07b9fc1\" data-element_type=\"section\" data-e-type=\"section\" data-settings=\"{&quot;background_background&quot;:&quot;classic&quot;}\">\n\t\t\t\t\t\t<div class=\"elementor-container elementor-column-gap-no\">\n\t\t\t\t\t<div class=\"elementor-column elementor-col-33 elementor-top-column elementor-element elementor-element-420d207\" data-id=\"420d207\" data-element_type=\"column\" data-e-type=\"column\" data-settings=\"{&quot;background_background&quot;:&quot;classic&quot;}\">\n\t\t\t<div class=\"elementor-widget-wrap elementor-element-populated\">\n\t\t\t\t\t\t<div class=\"elementor-element elementor-element-e86769d elementor-align-start elementor-widget__width-auto elementor-absolute elementor-hidden-phone elementor-icon-list--layout-traditional elementor-list-item-link-full_width elementor-widget elementor-widget-icon-list\" data-id=\"e86769d\" data-element_type=\"widget\" data-e-type=\"widget\" data-settings=\"{&quot;_position&quot;:&quot;absolute&quot;}\" data-widget_type=\"icon-list.default\">\n\t\t\t\t<div class=\"elementor-widget-container\">\n\t\t\t\t\t\t\t<ul class=\"elementor-icon-list-items\">\n\t\t\t\t\t\t\t<li class=\"elementor-icon-list-item\">\n\t\t\t\t\t\t\t\t\t\t\t<a href=\"https:\/\/www.linkedin.com\/company\/isolcell-industry-division\/\" target=\"_blank\">\n\n\t\t\t\t\t\t\t\t\t\t\t\t<span class=\"elementor-icon-list-icon\">\n\t\t\t\t\t\t\t<i aria-hidden=\"true\" class=\"fab fa-linkedin-in\"><\/i>\t\t\t\t\t\t<\/span>\n\t\t\t\t\t\t\t\t\t\t<span class=\"elementor-icon-list-text\"><\/span>\n\t\t\t\t\t\t\t\t\t\t\t<\/a>\n\t\t\t\t\t\t\t\t\t<\/li>\n\t\t\t\t\t\t\t\t<li class=\"elementor-icon-list-item\">\n\t\t\t\t\t\t\t\t\t\t\t<a href=\"https:\/\/twitter.com\/Isolcell\" target=\"_blank\">\n\n\t\t\t\t\t\t\t\t\t\t\t\t<span class=\"elementor-icon-list-icon\">\n\t\t\t\t\t\t\t<i aria-hidden=\"true\" class=\"fab fa-twitter\"><\/i>\t\t\t\t\t\t<\/span>\n\t\t\t\t\t\t\t\t\t\t<span class=\"elementor-icon-list-text\"><\/span>\n\t\t\t\t\t\t\t\t\t\t\t<\/a>\n\t\t\t\t\t\t\t\t\t<\/li>\n\t\t\t\t\t\t\t\t<li class=\"elementor-icon-list-item\">\n\t\t\t\t\t\t\t\t\t\t\t<a href=\"https:\/\/www.youtube.com\/user\/isolcell\" target=\"_blank\">\n\n\t\t\t\t\t\t\t\t\t\t\t\t<span class=\"elementor-icon-list-icon\">\n\t\t\t\t\t\t\t<i aria-hidden=\"true\" class=\"fab fa-youtube\"><\/i>\t\t\t\t\t\t<\/span>\n\t\t\t\t\t\t\t\t\t\t<span class=\"elementor-icon-list-text\"><\/span>\n\t\t\t\t\t\t\t\t\t\t\t<\/a>\n\t\t\t\t\t\t\t\t\t<\/li>\n\t\t\t\t\t\t<\/ul>\n\t\t\t\t\t\t<\/div>\n\t\t\t\t<\/div>\n\t\t\t\t\t<\/div>\n\t\t<\/div>\n\t\t\t\t<div class=\"elementor-column elementor-col-33 elementor-top-column elementor-element elementor-element-2960d77\" data-id=\"2960d77\" data-element_type=\"column\" data-e-type=\"column\" data-settings=\"{&quot;background_background&quot;:&quot;classic&quot;}\">\n\t\t\t<div class=\"elementor-widget-wrap elementor-element-populated\">\n\t\t\t\t\t\t<div class=\"elementor-element elementor-element-148653d elementor-widget elementor-widget-breadcrumbs\" data-id=\"148653d\" data-element_type=\"widget\" data-e-type=\"widget\" data-widget_type=\"breadcrumbs.default\">\n\t\t\t\t<div class=\"elementor-widget-container\">\n\t\t\t\t\t<p id=\"breadcrumbs\"><span><span><a href=\"https:\/\/www.n2generators.com\/es\/\">Home<\/a><\/span><\/span><\/p>\t\t\t\t<\/div>\n\t\t\t\t<\/div>\n\t\t\t\t<div class=\"elementor-element elementor-element-01b7000 elementor-widget elementor-widget-heading\" data-id=\"01b7000\" data-element_type=\"widget\" data-e-type=\"widget\" data-widget_type=\"heading.default\">\n\t\t\t\t<div class=\"elementor-widget-container\">\n\t\t\t\t\t<h1 class=\"elementor-heading-title elementor-size-default\">Skid para nitr\u00f3geno de alta y media presi\u00f3n<\/h1>\t\t\t\t<\/div>\n\t\t\t\t<\/div>\n\t\t\t\t<div class=\"elementor-element elementor-element-e00d5b4 elementor-widget elementor-widget-heading\" data-id=\"e00d5b4\" data-element_type=\"widget\" data-e-type=\"widget\" data-widget_type=\"heading.default\">\n\t\t\t\t<div class=\"elementor-widget-container\">\n\t\t\t\t\t<h2 class=\"elementor-heading-title elementor-size-default\">Generadores de nitr\u00f3geno in situ Isolcell<\/h2>\t\t\t\t<\/div>\n\t\t\t\t<\/div>\n\t\t\t\t<div class=\"elementor-element elementor-element-a8128c3 elementor-tablet-align-justify elementor-mobile-align-justify elementor-widget elementor-widget-button\" data-id=\"a8128c3\" data-element_type=\"widget\" data-e-type=\"widget\" data-widget_type=\"button.default\">\n\t\t\t\t<div class=\"elementor-widget-container\">\n\t\t\t\t\t\t\t\t\t<div class=\"elementor-button-wrapper\">\n\t\t\t\t\t<a class=\"elementor-button elementor-button-link elementor-size-md\" href=\"https:\/\/www.n2generators.com\/es\/contactos\/\">\n\t\t\t\t\t\t<span class=\"elementor-button-content-wrapper\">\n\t\t\t\t\t\t<span class=\"elementor-button-icon\">\n\t\t\t\t<i aria-hidden=\"true\" class=\"fas fa-caret-right\"><\/i>\t\t\t<\/span>\n\t\t\t\t\t\t\t\t\t<span class=\"elementor-button-text\">PIDE INFORMACI\u00d3N<\/span>\n\t\t\t\t\t<\/span>\n\t\t\t\t\t<\/a>\n\t\t\t\t<\/div>\n\t\t\t\t\t\t\t\t<\/div>\n\t\t\t\t<\/div>\n\t\t\t\t\t<\/div>\n\t\t<\/div>\n\t\t\t\t<div class=\"elementor-column elementor-col-33 elementor-top-column elementor-element elementor-element-7bccd06\" data-id=\"7bccd06\" data-element_type=\"column\" data-e-type=\"column\" data-settings=\"{&quot;background_background&quot;:&quot;slideshow&quot;,&quot;background_motion_fx_translateY_effect&quot;:&quot;yes&quot;,&quot;background_motion_fx_translateY_direction&quot;:&quot;negative&quot;,&quot;background_motion_fx_translateY_speed&quot;:{&quot;unit&quot;:&quot;px&quot;,&quot;size&quot;:&quot;3&quot;,&quot;sizes&quot;:[]},&quot;background_slideshow_gallery&quot;:[{&quot;id&quot;:3474,&quot;url&quot;:&quot;https:\\\/\\\/www.n2generators.com\\\/wp-content\\\/uploads\\\/2023\\\/06\\\/SKID-Laser-Power-1024x576-1.jpg&quot;}],&quot;background_slideshow_loop&quot;:&quot;yes&quot;,&quot;background_slideshow_slide_duration&quot;:5000,&quot;background_slideshow_slide_transition&quot;:&quot;fade&quot;,&quot;background_slideshow_transition_duration&quot;:500,&quot;background_motion_fx_translateY_affectedRange&quot;:{&quot;unit&quot;:&quot;%&quot;,&quot;size&quot;:&quot;&quot;,&quot;sizes&quot;:{&quot;start&quot;:0,&quot;end&quot;:100}},&quot;background_motion_fx_devices&quot;:[&quot;desktop&quot;,&quot;tablet&quot;,&quot;mobile&quot;]}\">\n\t\t\t<div class=\"elementor-widget-wrap elementor-element-populated\">\n\t\t\t\t\t\t<div class=\"elementor-element elementor-element-9b016a9 elementor-widget elementor-widget-spacer\" data-id=\"9b016a9\" data-element_type=\"widget\" data-e-type=\"widget\" data-widget_type=\"spacer.default\">\n\t\t\t\t<div class=\"elementor-widget-container\">\n\t\t\t\t\t\t\t<div class=\"elementor-spacer\">\n\t\t\t<div class=\"elementor-spacer-inner\"><\/div>\n\t\t<\/div>\n\t\t\t\t\t\t<\/div>\n\t\t\t\t<\/div>\n\t\t\t\t\t<\/div>\n\t\t<\/div>\n\t\t\t\t\t<\/div>\n\t\t<\/section>\n\t\t\t\t<section class=\"elementor-section elementor-top-section elementor-element elementor-element-2f8b114 elementor-section-content-middle elementor-section-boxed elementor-section-height-default elementor-section-height-default\" data-id=\"2f8b114\" data-element_type=\"section\" data-e-type=\"section\">\n\t\t\t\t\t\t<div class=\"elementor-container elementor-column-gap-default\">\n\t\t\t\t\t<div class=\"elementor-column elementor-col-50 elementor-top-column elementor-element elementor-element-913a492\" data-id=\"913a492\" data-element_type=\"column\" data-e-type=\"column\">\n\t\t\t<div class=\"elementor-widget-wrap elementor-element-populated\">\n\t\t\t\t\t\t<div class=\"elementor-element elementor-element-9fa867e elementor-widget elementor-widget-image\" data-id=\"9fa867e\" data-element_type=\"widget\" data-e-type=\"widget\" data-widget_type=\"image.default\">\n\t\t\t\t<div class=\"elementor-widget-container\">\n\t\t\t\t\t\t\t\t\t\t\t\t\t\t\t<img fetchpriority=\"high\" decoding=\"async\" width=\"800\" height=\"788\" src=\"https:\/\/www.n2generators.com\/wp-content\/uploads\/2023\/06\/SKID-S-1024x1009-1.png\" class=\"attachment-large size-large wp-image-6071\" alt=\"\" srcset=\"https:\/\/www.n2generators.com\/wp-content\/uploads\/2023\/06\/SKID-S-1024x1009-1.png 1024w, https:\/\/www.n2generators.com\/wp-content\/uploads\/2023\/06\/SKID-S-1024x1009-1-300x296.png 300w, https:\/\/www.n2generators.com\/wp-content\/uploads\/2023\/06\/SKID-S-1024x1009-1-768x757.png 768w\" sizes=\"(max-width: 800px) 100vw, 800px\" \/>\t\t\t\t\t\t\t\t\t\t\t\t\t\t\t<\/div>\n\t\t\t\t<\/div>\n\t\t\t\t\t<\/div>\n\t\t<\/div>\n\t\t\t\t<div class=\"elementor-column elementor-col-50 elementor-top-column elementor-element elementor-element-5274733\" data-id=\"5274733\" data-element_type=\"column\" data-e-type=\"column\">\n\t\t\t<div class=\"elementor-widget-wrap elementor-element-populated\">\n\t\t\t\t\t\t<div class=\"elementor-element elementor-element-9b6ea32 elementor-widget-divider--separator-type-pattern elementor-widget-divider--view-line elementor-widget elementor-widget-divider\" data-id=\"9b6ea32\" data-element_type=\"widget\" data-e-type=\"widget\" data-widget_type=\"divider.default\">\n\t\t\t\t<div class=\"elementor-widget-container\">\n\t\t\t\t\t\t\t<div class=\"elementor-divider\" style=\"--divider-pattern-url: url(&quot;data:image\/svg+xml,%3Csvg xmlns=&#039;http:\/\/www.w3.org\/2000\/svg&#039; preserveAspectRatio=&#039;none&#039; overflow=&#039;visible&#039; height=&#039;100%&#039; viewBox=&#039;0 0 20 16&#039; fill=&#039;none&#039; stroke=&#039;black&#039; stroke-width=&#039;2.2&#039; stroke-linecap=&#039;square&#039; stroke-miterlimit=&#039;10&#039;%3E%3Cg transform=&#039;translate(-12.000000, 0)&#039;%3E%3Cpath d=&#039;M28,0L10,18&#039;\/%3E%3Cpath d=&#039;M18,0L0,18&#039;\/%3E%3Cpath d=&#039;M48,0L30,18&#039;\/%3E%3Cpath d=&#039;M38,0L20,18&#039;\/%3E%3C\/g%3E%3C\/svg%3E&quot;);\">\n\t\t\t<span class=\"elementor-divider-separator\">\n\t\t\t\t\t\t<\/span>\n\t\t<\/div>\n\t\t\t\t\t\t<\/div>\n\t\t\t\t<\/div>\n\t\t\t\t<div class=\"elementor-element elementor-element-96bec4b elementor-widget elementor-widget-heading\" data-id=\"96bec4b\" data-element_type=\"widget\" data-e-type=\"widget\" data-widget_type=\"heading.default\">\n\t\t\t\t<div class=\"elementor-widget-container\">\n\t\t\t\t\t<h2 class=\"elementor-heading-title elementor-size-default\">Generadores de Nitr\u00f3geno<\/h2>\t\t\t\t<\/div>\n\t\t\t\t<\/div>\n\t\t\t\t<div class=\"elementor-element elementor-element-8999750 elementor-widget elementor-widget-heading\" data-id=\"8999750\" data-element_type=\"widget\" data-e-type=\"widget\" data-widget_type=\"heading.default\">\n\t\t\t\t<div class=\"elementor-widget-container\">\n\t\t\t\t\t<h2 class=\"elementor-heading-title elementor-size-default\">Skid para la producci\u00f3n y almacenamiento de Nitr\u00f3geno a media y alta presi\u00f3n<\/h2>\t\t\t\t<\/div>\n\t\t\t\t<\/div>\n\t\t\t\t<div class=\"elementor-element elementor-element-aeb7f56 elementor-icon-list--layout-traditional elementor-list-item-link-full_width elementor-widget elementor-widget-icon-list\" data-id=\"aeb7f56\" data-element_type=\"widget\" data-e-type=\"widget\" data-widget_type=\"icon-list.default\">\n\t\t\t\t<div class=\"elementor-widget-container\">\n\t\t\t\t\t\t\t<ul class=\"elementor-icon-list-items\">\n\t\t\t\t\t\t\t<li class=\"elementor-icon-list-item\">\n\t\t\t\t\t\t\t\t\t\t\t<span class=\"elementor-icon-list-icon\">\n\t\t\t\t\t\t\t<i aria-hidden=\"true\" class=\"fas fa-info-circle\"><\/i>\t\t\t\t\t\t<\/span>\n\t\t\t\t\t\t\t\t\t\t<span class=\"elementor-icon-list-text\">Para producci\u00f3n y almacenamiento<\/span>\n\t\t\t\t\t\t\t\t\t<\/li>\n\t\t\t\t\t\t<\/ul>\n\t\t\t\t\t\t<\/div>\n\t\t\t\t<\/div>\n\t\t\t\t<div class=\"elementor-element elementor-element-eca9079 elementor-widget elementor-widget-text-editor\" data-id=\"eca9079\" data-element_type=\"widget\" data-e-type=\"widget\" data-widget_type=\"text-editor.default\">\n\t\t\t\t<div class=\"elementor-widget-container\">\n\t\t\t\t\t\t\t\t\t<p>Dimensiones compactas y listas para el uso.<\/p>\n<p><strong>Disponibles en numerosas configuraciones<\/strong>, completas de<span class=\"Apple-converted-space\">\u00a0 <\/span>compresor, secador, filtros y tanque de almacenamiento de nitr\u00f3geno, o equipado con un <strong>booster para adaptar la instalacion a los picos de consumo<\/strong> frecuentes en muchas aplicaciones industriales.<\/p>\n\t\t\t\t\t\t\t\t<\/div>\n\t\t\t\t<\/div>\n\t\t\t\t<div class=\"elementor-element elementor-element-102f6e3 elementor-tablet-align-justify elementor-mobile-align-justify elementor-widget elementor-widget-button\" data-id=\"102f6e3\" data-element_type=\"widget\" data-e-type=\"widget\" data-widget_type=\"button.default\">\n\t\t\t\t<div class=\"elementor-widget-container\">\n\t\t\t\t\t\t\t\t\t<div class=\"elementor-button-wrapper\">\n\t\t\t\t\t<a class=\"elementor-button elementor-button-link elementor-size-md\" href=\"https:\/\/www.n2generators.com\/es\/contactos\/\">\n\t\t\t\t\t\t<span class=\"elementor-button-content-wrapper\">\n\t\t\t\t\t\t<span class=\"elementor-button-icon\">\n\t\t\t\t<i aria-hidden=\"true\" class=\"fas fa-caret-right\"><\/i>\t\t\t<\/span>\n\t\t\t\t\t\t\t\t\t<span class=\"elementor-button-text\">PIDE INFORMACI\u00d3N<\/span>\n\t\t\t\t\t<\/span>\n\t\t\t\t\t<\/a>\n\t\t\t\t<\/div>\n\t\t\t\t\t\t\t\t<\/div>\n\t\t\t\t<\/div>\n\t\t\t\t\t<\/div>\n\t\t<\/div>\n\t\t\t\t\t<\/div>\n\t\t<\/section>\n\t\t\t\t<section class=\"elementor-section elementor-top-section elementor-element elementor-element-ad9e857 elementor-section-content-middle elementor-hidden-desktop elementor-hidden-tablet elementor-hidden-mobile elementor-section-boxed elementor-section-height-default elementor-section-height-default\" data-id=\"ad9e857\" data-element_type=\"section\" data-e-type=\"section\">\n\t\t\t\t\t\t<div class=\"elementor-container elementor-column-gap-default\">\n\t\t\t\t\t<div class=\"elementor-column elementor-col-50 elementor-top-column elementor-element elementor-element-d5711af\" data-id=\"d5711af\" data-element_type=\"column\" data-e-type=\"column\">\n\t\t\t<div class=\"elementor-widget-wrap elementor-element-populated\">\n\t\t\t\t\t\t<div class=\"elementor-element elementor-element-8b5525e elementor-widget elementor-widget-heading\" data-id=\"8b5525e\" data-element_type=\"widget\" data-e-type=\"widget\" data-widget_type=\"heading.default\">\n\t\t\t\t<div class=\"elementor-widget-container\">\n\t\t\t\t\t<h2 class=\"elementor-heading-title elementor-size-default\">Descargar fichas de producto<\/h2>\t\t\t\t<\/div>\n\t\t\t\t<\/div>\n\t\t\t\t\t<\/div>\n\t\t<\/div>\n\t\t\t\t<div class=\"elementor-column elementor-col-50 elementor-top-column elementor-element elementor-element-a059edf\" data-id=\"a059edf\" data-element_type=\"column\" data-e-type=\"column\">\n\t\t\t<div class=\"elementor-widget-wrap elementor-element-populated\">\n\t\t\t\t\t\t<div class=\"elementor-element elementor-element-6c2fb68 elementor-align-justify elementor-mobile-align-justify elementor-widget elementor-widget-button\" data-id=\"6c2fb68\" data-element_type=\"widget\" data-e-type=\"widget\" data-widget_type=\"button.default\">\n\t\t\t\t<div class=\"elementor-widget-container\">\n\t\t\t\t\t\t\t\t\t<div class=\"elementor-button-wrapper\">\n\t\t\t\t\t<a class=\"elementor-button elementor-button-link elementor-size-md\" href=\"#prodotti\">\n\t\t\t\t\t\t<span class=\"elementor-button-content-wrapper\">\n\t\t\t\t\t\t<span class=\"elementor-button-icon\">\n\t\t\t\t<i aria-hidden=\"true\" class=\"fas fa-file-pdf\"><\/i>\t\t\t<\/span>\n\t\t\t\t\t\t\t\t\t<span class=\"elementor-button-text\">Skid<\/span>\n\t\t\t\t\t<\/span>\n\t\t\t\t\t<\/a>\n\t\t\t\t<\/div>\n\t\t\t\t\t\t\t\t<\/div>\n\t\t\t\t<\/div>\n\t\t\t\t\t<\/div>\n\t\t<\/div>\n\t\t\t\t\t<\/div>\n\t\t<\/section>\n\t\t\t\t<\/div>\n\t\t","protected":false},"excerpt":{"rendered":"<p>Skid para nitr\u00f3geno de alta y media presi\u00f3n Generadores de nitr\u00f3geno in situ Isolcell PIDE INFORMACI\u00d3N Generadores de Nitr\u00f3geno Skid para la producci\u00f3n y almacenamiento de Nitr\u00f3geno a media y alta presi\u00f3n Para producci\u00f3n y almacenamiento Dimensiones compactas y listas para el uso. Disponibles en numerosas configuraciones, completas de\u00a0 compresor, secador, filtros y tanque de [&hellip;]<\/p>\n","protected":false},"author":1,"featured_media":6071,"parent":0,"menu_order":0,"comment_status":"closed","ping_status":"closed","template":"elementor_header_footer","meta":{"footnotes":""},"class_list":["post-6070","page","type-page","status-publish","has-post-thumbnail","hentry"],"yoast_head":"<!-- This site is optimized with the Yoast SEO plugin v27.4 - https:\/\/yoast.com\/product\/yoast-seo-wordpress\/ -->\n<title>Skid - Isolcell Industry Division<\/title>\n<meta name=\"robots\" content=\"index, follow, max-snippet:-1, max-image-preview:large, max-video-preview:-1\" \/>\n<link rel=\"canonical\" href=\"https:\/\/www.n2generators.com\/es\/skid\/\" \/>\n<meta property=\"og:locale\" content=\"es_ES\" \/>\n<meta property=\"og:type\" content=\"article\" \/>\n<meta property=\"og:title\" content=\"Skid - Isolcell Industry Division\" \/>\n<meta property=\"og:description\" content=\"Skid para nitr\u00f3geno de alta y media presi\u00f3n Generadores de nitr\u00f3geno in situ Isolcell PIDE INFORMACI\u00d3N Generadores de Nitr\u00f3geno Skid para la producci\u00f3n y almacenamiento de Nitr\u00f3geno a media y alta presi\u00f3n Para producci\u00f3n y almacenamiento Dimensiones compactas y listas para el uso. Disponibles en numerosas configuraciones, completas de\u00a0 compresor, secador, filtros y tanque de [&hellip;]\" \/>\n<meta property=\"og:url\" content=\"https:\/\/www.n2generators.com\/es\/skid\/\" \/>\n<meta property=\"og:site_name\" content=\"Isolcell Industry Division\" \/>\n<meta property=\"article:modified_time\" content=\"2023-09-21T09:44:33+00:00\" \/>\n<meta property=\"og:image\" content=\"https:\/\/www.n2generators.com\/wp-content\/uploads\/2023\/06\/SKID-S-1024x1009-1.png\" \/>\n\t<meta property=\"og:image:width\" content=\"1024\" \/>\n\t<meta property=\"og:image:height\" content=\"1009\" \/>\n\t<meta property=\"og:image:type\" content=\"image\/png\" \/>\n<meta name=\"twitter:card\" content=\"summary_large_image\" \/>\n<meta name=\"twitter:site\" content=\"@Isolcell\" \/>\n<script type=\"application\/ld+json\" class=\"yoast-schema-graph\">{\"@context\":\"https:\\\/\\\/schema.org\",\"@graph\":[{\"@type\":\"WebPage\",\"@id\":\"https:\\\/\\\/www.n2generators.com\\\/es\\\/skid\\\/\",\"url\":\"https:\\\/\\\/www.n2generators.com\\\/es\\\/skid\\\/\",\"name\":\"Skid - Isolcell Industry Division\",\"isPartOf\":{\"@id\":\"https:\\\/\\\/www.n2generators.com\\\/es\\\/#website\"},\"primaryImageOfPage\":{\"@id\":\"https:\\\/\\\/www.n2generators.com\\\/es\\\/skid\\\/#primaryimage\"},\"image\":{\"@id\":\"https:\\\/\\\/www.n2generators.com\\\/es\\\/skid\\\/#primaryimage\"},\"thumbnailUrl\":\"https:\\\/\\\/www.n2generators.com\\\/wp-content\\\/uploads\\\/2023\\\/06\\\/SKID-S-1024x1009-1.png\",\"datePublished\":\"2023-04-26T12:06:50+00:00\",\"dateModified\":\"2023-09-21T09:44:33+00:00\",\"breadcrumb\":{\"@id\":\"https:\\\/\\\/www.n2generators.com\\\/es\\\/skid\\\/#breadcrumb\"},\"inLanguage\":\"es\",\"potentialAction\":[{\"@type\":\"ReadAction\",\"target\":[\"https:\\\/\\\/www.n2generators.com\\\/es\\\/skid\\\/\"]}]},{\"@type\":\"ImageObject\",\"inLanguage\":\"es\",\"@id\":\"https:\\\/\\\/www.n2generators.com\\\/es\\\/skid\\\/#primaryimage\",\"url\":\"https:\\\/\\\/www.n2generators.com\\\/wp-content\\\/uploads\\\/2023\\\/06\\\/SKID-S-1024x1009-1.png\",\"contentUrl\":\"https:\\\/\\\/www.n2generators.com\\\/wp-content\\\/uploads\\\/2023\\\/06\\\/SKID-S-1024x1009-1.png\",\"width\":1024,\"height\":1009,\"caption\":\"SKID S\"},{\"@type\":\"BreadcrumbList\",\"@id\":\"https:\\\/\\\/www.n2generators.com\\\/es\\\/skid\\\/#breadcrumb\",\"itemListElement\":[{\"@type\":\"ListItem\",\"position\":1,\"name\":\"Home\",\"item\":\"https:\\\/\\\/www.n2generators.com\\\/es\\\/\"},{\"@type\":\"ListItem\",\"position\":2,\"name\":\"Skid\"}]},{\"@type\":\"WebSite\",\"@id\":\"https:\\\/\\\/www.n2generators.com\\\/es\\\/#website\",\"url\":\"https:\\\/\\\/www.n2generators.com\\\/es\\\/\",\"name\":\"www.n2generators.com\",\"description\":\"\",\"potentialAction\":[{\"@type\":\"SearchAction\",\"target\":{\"@type\":\"EntryPoint\",\"urlTemplate\":\"https:\\\/\\\/www.n2generators.com\\\/es\\\/?s={search_term_string}\"},\"query-input\":{\"@type\":\"PropertyValueSpecification\",\"valueRequired\":true,\"valueName\":\"search_term_string\"}}],\"inLanguage\":\"es\"}]}<\/script>\n<!-- \/ Yoast SEO plugin. -->","yoast_head_json":{"title":"Skid - Isolcell Industry Division","robots":{"index":"index","follow":"follow","max-snippet":"max-snippet:-1","max-image-preview":"max-image-preview:large","max-video-preview":"max-video-preview:-1"},"canonical":"https:\/\/www.n2generators.com\/es\/skid\/","og_locale":"es_ES","og_type":"article","og_title":"Skid - Isolcell Industry Division","og_description":"Skid para nitr\u00f3geno de alta y media presi\u00f3n Generadores de nitr\u00f3geno in situ Isolcell PIDE INFORMACI\u00d3N Generadores de Nitr\u00f3geno Skid para la producci\u00f3n y almacenamiento de Nitr\u00f3geno a media y alta presi\u00f3n Para producci\u00f3n y almacenamiento Dimensiones compactas y listas para el uso. Disponibles en numerosas configuraciones, completas de\u00a0 compresor, secador, filtros y tanque de [&hellip;]","og_url":"https:\/\/www.n2generators.com\/es\/skid\/","og_site_name":"Isolcell Industry Division","article_modified_time":"2023-09-21T09:44:33+00:00","og_image":[{"width":1024,"height":1009,"url":"https:\/\/www.n2generators.com\/wp-content\/uploads\/2023\/06\/SKID-S-1024x1009-1.png","type":"image\/png"}],"twitter_card":"summary_large_image","twitter_site":"@Isolcell","schema":{"@context":"https:\/\/schema.org","@graph":[{"@type":"WebPage","@id":"https:\/\/www.n2generators.com\/es\/skid\/","url":"https:\/\/www.n2generators.com\/es\/skid\/","name":"Skid - Isolcell Industry Division","isPartOf":{"@id":"https:\/\/www.n2generators.com\/es\/#website"},"primaryImageOfPage":{"@id":"https:\/\/www.n2generators.com\/es\/skid\/#primaryimage"},"image":{"@id":"https:\/\/www.n2generators.com\/es\/skid\/#primaryimage"},"thumbnailUrl":"https:\/\/www.n2generators.com\/wp-content\/uploads\/2023\/06\/SKID-S-1024x1009-1.png","datePublished":"2023-04-26T12:06:50+00:00","dateModified":"2023-09-21T09:44:33+00:00","breadcrumb":{"@id":"https:\/\/www.n2generators.com\/es\/skid\/#breadcrumb"},"inLanguage":"es","potentialAction":[{"@type":"ReadAction","target":["https:\/\/www.n2generators.com\/es\/skid\/"]}]},{"@type":"ImageObject","inLanguage":"es","@id":"https:\/\/www.n2generators.com\/es\/skid\/#primaryimage","url":"https:\/\/www.n2generators.com\/wp-content\/uploads\/2023\/06\/SKID-S-1024x1009-1.png","contentUrl":"https:\/\/www.n2generators.com\/wp-content\/uploads\/2023\/06\/SKID-S-1024x1009-1.png","width":1024,"height":1009,"caption":"SKID S"},{"@type":"BreadcrumbList","@id":"https:\/\/www.n2generators.com\/es\/skid\/#breadcrumb","itemListElement":[{"@type":"ListItem","position":1,"name":"Home","item":"https:\/\/www.n2generators.com\/es\/"},{"@type":"ListItem","position":2,"name":"Skid"}]},{"@type":"WebSite","@id":"https:\/\/www.n2generators.com\/es\/#website","url":"https:\/\/www.n2generators.com\/es\/","name":"www.n2generators.com","description":"","potentialAction":[{"@type":"SearchAction","target":{"@type":"EntryPoint","urlTemplate":"https:\/\/www.n2generators.com\/es\/?s={search_term_string}"},"query-input":{"@type":"PropertyValueSpecification","valueRequired":true,"valueName":"search_term_string"}}],"inLanguage":"es"}]}},"_links":{"self":[{"href":"https:\/\/www.n2generators.com\/es\/wp-json\/wp\/v2\/pages\/6070","targetHints":{"allow":["GET"]}}],"collection":[{"href":"https:\/\/www.n2generators.com\/es\/wp-json\/wp\/v2\/pages"}],"about":[{"href":"https:\/\/www.n2generators.com\/es\/wp-json\/wp\/v2\/types\/page"}],"author":[{"embeddable":true,"href":"https:\/\/www.n2generators.com\/es\/wp-json\/wp\/v2\/users\/1"}],"replies":[{"embeddable":true,"href":"https:\/\/www.n2generators.com\/es\/wp-json\/wp\/v2\/comments?post=6070"}],"version-history":[{"count":1,"href":"https:\/\/www.n2generators.com\/es\/wp-json\/wp\/v2\/pages\/6070\/revisions"}],"predecessor-version":[{"id":6072,"href":"https:\/\/www.n2generators.com\/es\/wp-json\/wp\/v2\/pages\/6070\/revisions\/6072"}],"wp:featuredmedia":[{"embeddable":true,"href":"https:\/\/www.n2generators.com\/es\/wp-json\/wp\/v2\/media\/6071"}],"wp:attachment":[{"href":"https:\/\/www.n2generators.com\/es\/wp-json\/wp\/v2\/media?parent=6070"}],"curies":[{"name":"wp","href":"https:\/\/api.w.org\/{rel}","templated":true}]}}